{"id":2009,"date":"2026-04-08T14:17:43","date_gmt":"2026-04-08T12:17:43","guid":{"rendered":"https:\/\/www.mardesa.fr\/?post_type=product&#038;p=2009"},"modified":"2026-04-08T14:17:43","modified_gmt":"2026-04-08T12:17:43","slug":"https-mardesa-fr-produit-lot-de-2-nasses-a-crabes-bleus-frais-de-port-offerts","status":"publish","type":"product","link":"https:\/\/www.mardesa.fr\/en\/product\/https-mardesa-fr-produit-lot-de-2-nasses-a-crabes-bleus-frais-de-port-offerts\/","title":{"rendered":"https:\/mardesa.fr\/produit\/lot-de-2-nasses-a-crabes-bleus-frais-de-port-offerts"},"content":{"rendered":"<p>La conception de cette nasse favorise la capture sp\u00e9cifique des crabes bleus. Elle est fabriqu\u00e9e avec un grillage m\u00e9tallique tr\u00e8s r\u00e9sistant. Les crabes bleus sont donc dans l&#8217;incapacit\u00e9 de d\u00e9t\u00e9riorer cette nasse malgr\u00e9 leurs pinces puissantes. Cette nasse est \u00e9galement dot\u00e9e d&#8217;un compartiment pour les app\u00e2ts. Avec ses 2 goulots lat\u00e9raux, elle est id\u00e9al pour une utilisation en eaux peu profondes. N&#8217;h\u00e9sitez pas \u00e0 profiter de la gratuit\u00e9 des frais de port, pour l&#8217;achat d&#8217;un lot de 2 nasses<\/p>\n<p>&nbsp;<\/p>\n","protected":false},"excerpt":{"rendered":"<p>Cette nasse cible sp\u00e9cifiquement les crabes bleus.<\/p>\n","protected":false},"featured_media":2039,"comment_status":"closed","ping_status":"closed","template":"","meta":[],"product_brand":[],"product_cat":[32,31],"product_tag":[],"class_list":{"0":"post-2009","1":"product","2":"type-product","3":"status-publish","4":"has-post-thumbnail","6":"product_cat-lot-de-2","7":"product_cat-nasse-a-crabes","9":"first","10":"instock","11":"shipping-taxable","12":"purchasable","13":"product-type-simple"},"yoast_head":"<!-- This site is optimized with the Yoast SEO plugin v27.3 - https:\/\/yoast.com\/product\/yoast-seo-wordpress\/ -->\n<title>https:\/mardesa.fr\/produit\/lot-de-2-nasses-a-crabes-bleus-frais-de-port-offerts - Mardesa.fr<\/title>\n<meta name=\"description\" content=\"Cette nasse est id\u00e9ale pour la capture des crabes bleus. Avec ses 2 goulots lat\u00e9raux, elle permet de p\u00eacher dans des eaux peu profondes.\" \/>\n<meta name=\"robots\" content=\"index, follow, max-snippet:-1, max-image-preview:large, max-video-preview:-1\" \/>\n<link rel=\"canonical\" href=\"https:\/\/www.mardesa.fr\/en\/product\/https-mardesa-fr-produit-lot-de-2-nasses-a-crabes-bleus-frais-de-port-offerts\/\" \/>\n<meta property=\"og:locale\" content=\"en_US\" \/>\n<meta property=\"og:type\" content=\"article\" \/>\n<meta property=\"og:title\" content=\"https:\/mardesa.fr\/produit\/lot-de-2-nasses-a-crabes-bleus-frais-de-port-offerts - Mardesa.fr\" \/>\n<meta property=\"og:description\" content=\"Cette nasse est id\u00e9ale pour la capture des crabes bleus. Avec ses 2 goulots lat\u00e9raux, elle permet de p\u00eacher dans des eaux peu profondes.\" \/>\n<meta property=\"og:url\" content=\"https:\/\/www.mardesa.fr\/en\/product\/https-mardesa-fr-produit-lot-de-2-nasses-a-crabes-bleus-frais-de-port-offerts\/\" \/>\n<meta property=\"og:site_name\" content=\"Mardesa.fr\" \/>\n<meta property=\"article:publisher\" content=\"http:\/\/www.facebook.fr\/mardesa.france\" \/>\n<meta property=\"og:image\" content=\"https:\/\/www.mardesa.fr\/wp-content\/uploads\/2026\/04\/31-NCBM50R2-lot-de-2-scaled.jpg\" \/>\n\t<meta property=\"og:image:width\" content=\"2560\" \/>\n\t<meta property=\"og:image:height\" content=\"1920\" \/>\n\t<meta property=\"og:image:type\" content=\"image\/jpeg\" \/>\n<meta name=\"twitter:card\" content=\"summary_large_image\" \/>\n<meta name=\"twitter:site\" content=\"@mardesa85\" \/>\n<meta name=\"twitter:label1\" content=\"Est. reading time\" \/>\n\t<meta name=\"twitter:data1\" content=\"1 minute\" \/>\n<script type=\"application\/ld+json\" class=\"yoast-schema-graph\">{\"@context\":\"https:\\\/\\\/schema.org\",\"@graph\":[{\"@type\":\"WebPage\",\"@id\":\"https:\\\/\\\/www.mardesa.fr\\\/en\\\/product\\\/https-mardesa-fr-produit-lot-de-2-nasses-a-crabes-bleus-frais-de-port-offerts\\\/\",\"url\":\"https:\\\/\\\/www.mardesa.fr\\\/en\\\/product\\\/https-mardesa-fr-produit-lot-de-2-nasses-a-crabes-bleus-frais-de-port-offerts\\\/\",\"name\":\"https:\\\/mardesa.fr\\\/produit\\\/lot-de-2-nasses-a-crabes-bleus-frais-de-port-offerts - Mardesa.fr\",\"isPartOf\":{\"@id\":\"https:\\\/\\\/www.mardesa.fr\\\/en\\\/#website\"},\"primaryImageOfPage\":{\"@id\":\"https:\\\/\\\/www.mardesa.fr\\\/en\\\/product\\\/https-mardesa-fr-produit-lot-de-2-nasses-a-crabes-bleus-frais-de-port-offerts\\\/#primaryimage\"},\"image\":{\"@id\":\"https:\\\/\\\/www.mardesa.fr\\\/en\\\/product\\\/https-mardesa-fr-produit-lot-de-2-nasses-a-crabes-bleus-frais-de-port-offerts\\\/#primaryimage\"},\"thumbnailUrl\":\"https:\\\/\\\/www.mardesa.fr\\\/wp-content\\\/uploads\\\/2026\\\/04\\\/31-NCBM50R2-lot-de-2-scaled.jpg\",\"datePublished\":\"2026-04-08T12:17:43+00:00\",\"description\":\"Cette nasse est id\u00e9ale pour la capture des crabes bleus. Avec ses 2 goulots lat\u00e9raux, elle permet de p\u00eacher dans des eaux peu profondes.\",\"breadcrumb\":{\"@id\":\"https:\\\/\\\/www.mardesa.fr\\\/en\\\/product\\\/https-mardesa-fr-produit-lot-de-2-nasses-a-crabes-bleus-frais-de-port-offerts\\\/#breadcrumb\"},\"inLanguage\":\"en-US\",\"potentialAction\":[{\"@type\":\"ReadAction\",\"target\":[\"https:\\\/\\\/www.mardesa.fr\\\/en\\\/product\\\/https-mardesa-fr-produit-lot-de-2-nasses-a-crabes-bleus-frais-de-port-offerts\\\/\"]}]},{\"@type\":\"ImageObject\",\"inLanguage\":\"en-US\",\"@id\":\"https:\\\/\\\/www.mardesa.fr\\\/en\\\/product\\\/https-mardesa-fr-produit-lot-de-2-nasses-a-crabes-bleus-frais-de-port-offerts\\\/#primaryimage\",\"url\":\"https:\\\/\\\/www.mardesa.fr\\\/wp-content\\\/uploads\\\/2026\\\/04\\\/31-NCBM50R2-lot-de-2-scaled.jpg\",\"contentUrl\":\"https:\\\/\\\/www.mardesa.fr\\\/wp-content\\\/uploads\\\/2026\\\/04\\\/31-NCBM50R2-lot-de-2-scaled.jpg\",\"width\":2560,\"height\":1920},{\"@type\":\"BreadcrumbList\",\"@id\":\"https:\\\/\\\/www.mardesa.fr\\\/en\\\/product\\\/https-mardesa-fr-produit-lot-de-2-nasses-a-crabes-bleus-frais-de-port-offerts\\\/#breadcrumb\",\"itemListElement\":[{\"@type\":\"ListItem\",\"position\":1,\"name\":\"Accueil\",\"item\":\"https:\\\/\\\/www.mardesa.fr\\\/en\\\/\"},{\"@type\":\"ListItem\",\"position\":2,\"name\":\"Shop\",\"item\":\"https:\\\/\\\/www.mardesa.fr\\\/en\\\/shop\\\/\"},{\"@type\":\"ListItem\",\"position\":3,\"name\":\"https:\\\/mardesa.fr\\\/produit\\\/lot-de-2-nasses-a-crabes-bleus-frais-de-port-offerts\"}]},{\"@type\":\"WebSite\",\"@id\":\"https:\\\/\\\/www.mardesa.fr\\\/en\\\/#website\",\"url\":\"https:\\\/\\\/www.mardesa.fr\\\/en\\\/\",\"name\":\"Mardesa.fr\",\"description\":\"Nasses \u00e0 anguilles, poissons, crevettes, \u00e9crevisses, grenouilles et vairons\",\"publisher\":{\"@id\":\"https:\\\/\\\/www.mardesa.fr\\\/en\\\/#organization\"},\"potentialAction\":[{\"@type\":\"SearchAction\",\"target\":{\"@type\":\"EntryPoint\",\"urlTemplate\":\"https:\\\/\\\/www.mardesa.fr\\\/en\\\/?s={search_term_string}\"},\"query-input\":{\"@type\":\"PropertyValueSpecification\",\"valueRequired\":true,\"valueName\":\"search_term_string\"}}],\"inLanguage\":\"en-US\"},{\"@type\":\"Organization\",\"@id\":\"https:\\\/\\\/www.mardesa.fr\\\/en\\\/#organization\",\"name\":\"Mardesa.fr\",\"url\":\"https:\\\/\\\/www.mardesa.fr\\\/en\\\/\",\"logo\":{\"@type\":\"ImageObject\",\"inLanguage\":\"en-US\",\"@id\":\"https:\\\/\\\/www.mardesa.fr\\\/en\\\/#\\\/schema\\\/logo\\\/image\\\/\",\"url\":\"https:\\\/\\\/www.mardesa.fr\\\/wp-content\\\/uploads\\\/2025\\\/01\\\/Mardesa_CMJN_PNG-e1735900243114.png\",\"contentUrl\":\"https:\\\/\\\/www.mardesa.fr\\\/wp-content\\\/uploads\\\/2025\\\/01\\\/Mardesa_CMJN_PNG-e1735900243114.png\",\"width\":1673,\"height\":560,\"caption\":\"Mardesa.fr\"},\"image\":{\"@id\":\"https:\\\/\\\/www.mardesa.fr\\\/en\\\/#\\\/schema\\\/logo\\\/image\\\/\"},\"sameAs\":[\"http:\\\/\\\/www.facebook.fr\\\/mardesa.france\",\"https:\\\/\\\/x.com\\\/mardesa85\"]}]}<\/script>\n<!-- \/ Yoast SEO plugin. -->","yoast_head_json":{"title":"https:\/mardesa.fr\/produit\/lot-de-2-nasses-a-crabes-bleus-frais-de-port-offerts - Mardesa.fr","description":"Cette nasse est id\u00e9ale pour la capture des crabes bleus. Avec ses 2 goulots lat\u00e9raux, elle permet de p\u00eacher dans des eaux peu profondes.","robots":{"index":"index","follow":"follow","max-snippet":"max-snippet:-1","max-image-preview":"max-image-preview:large","max-video-preview":"max-video-preview:-1"},"canonical":"https:\/\/www.mardesa.fr\/en\/product\/https-mardesa-fr-produit-lot-de-2-nasses-a-crabes-bleus-frais-de-port-offerts\/","og_locale":"en_US","og_type":"article","og_title":"https:\/mardesa.fr\/produit\/lot-de-2-nasses-a-crabes-bleus-frais-de-port-offerts - Mardesa.fr","og_description":"Cette nasse est id\u00e9ale pour la capture des crabes bleus. Avec ses 2 goulots lat\u00e9raux, elle permet de p\u00eacher dans des eaux peu profondes.","og_url":"https:\/\/www.mardesa.fr\/en\/product\/https-mardesa-fr-produit-lot-de-2-nasses-a-crabes-bleus-frais-de-port-offerts\/","og_site_name":"Mardesa.fr","article_publisher":"http:\/\/www.facebook.fr\/mardesa.france","og_image":[{"width":2560,"height":1920,"url":"https:\/\/www.mardesa.fr\/wp-content\/uploads\/2026\/04\/31-NCBM50R2-lot-de-2-scaled.jpg","type":"image\/jpeg"}],"twitter_card":"summary_large_image","twitter_site":"@mardesa85","twitter_misc":{"Est. reading time":"1 minute"},"schema":{"@context":"https:\/\/schema.org","@graph":[{"@type":"WebPage","@id":"https:\/\/www.mardesa.fr\/en\/product\/https-mardesa-fr-produit-lot-de-2-nasses-a-crabes-bleus-frais-de-port-offerts\/","url":"https:\/\/www.mardesa.fr\/en\/product\/https-mardesa-fr-produit-lot-de-2-nasses-a-crabes-bleus-frais-de-port-offerts\/","name":"https:\/mardesa.fr\/produit\/lot-de-2-nasses-a-crabes-bleus-frais-de-port-offerts - Mardesa.fr","isPartOf":{"@id":"https:\/\/www.mardesa.fr\/en\/#website"},"primaryImageOfPage":{"@id":"https:\/\/www.mardesa.fr\/en\/product\/https-mardesa-fr-produit-lot-de-2-nasses-a-crabes-bleus-frais-de-port-offerts\/#primaryimage"},"image":{"@id":"https:\/\/www.mardesa.fr\/en\/product\/https-mardesa-fr-produit-lot-de-2-nasses-a-crabes-bleus-frais-de-port-offerts\/#primaryimage"},"thumbnailUrl":"https:\/\/www.mardesa.fr\/wp-content\/uploads\/2026\/04\/31-NCBM50R2-lot-de-2-scaled.jpg","datePublished":"2026-04-08T12:17:43+00:00","description":"Cette nasse est id\u00e9ale pour la capture des crabes bleus. Avec ses 2 goulots lat\u00e9raux, elle permet de p\u00eacher dans des eaux peu profondes.","breadcrumb":{"@id":"https:\/\/www.mardesa.fr\/en\/product\/https-mardesa-fr-produit-lot-de-2-nasses-a-crabes-bleus-frais-de-port-offerts\/#breadcrumb"},"inLanguage":"en-US","potentialAction":[{"@type":"ReadAction","target":["https:\/\/www.mardesa.fr\/en\/product\/https-mardesa-fr-produit-lot-de-2-nasses-a-crabes-bleus-frais-de-port-offerts\/"]}]},{"@type":"ImageObject","inLanguage":"en-US","@id":"https:\/\/www.mardesa.fr\/en\/product\/https-mardesa-fr-produit-lot-de-2-nasses-a-crabes-bleus-frais-de-port-offerts\/#primaryimage","url":"https:\/\/www.mardesa.fr\/wp-content\/uploads\/2026\/04\/31-NCBM50R2-lot-de-2-scaled.jpg","contentUrl":"https:\/\/www.mardesa.fr\/wp-content\/uploads\/2026\/04\/31-NCBM50R2-lot-de-2-scaled.jpg","width":2560,"height":1920},{"@type":"BreadcrumbList","@id":"https:\/\/www.mardesa.fr\/en\/product\/https-mardesa-fr-produit-lot-de-2-nasses-a-crabes-bleus-frais-de-port-offerts\/#breadcrumb","itemListElement":[{"@type":"ListItem","position":1,"name":"Accueil","item":"https:\/\/www.mardesa.fr\/en\/"},{"@type":"ListItem","position":2,"name":"Shop","item":"https:\/\/www.mardesa.fr\/en\/shop\/"},{"@type":"ListItem","position":3,"name":"https:\/mardesa.fr\/produit\/lot-de-2-nasses-a-crabes-bleus-frais-de-port-offerts"}]},{"@type":"WebSite","@id":"https:\/\/www.mardesa.fr\/en\/#website","url":"https:\/\/www.mardesa.fr\/en\/","name":"Mardesa.fr","description":"Nasses \u00e0 anguilles, poissons, crevettes, \u00e9crevisses, grenouilles et vairons","publisher":{"@id":"https:\/\/www.mardesa.fr\/en\/#organization"},"potentialAction":[{"@type":"SearchAction","target":{"@type":"EntryPoint","urlTemplate":"https:\/\/www.mardesa.fr\/en\/?s={search_term_string}"},"query-input":{"@type":"PropertyValueSpecification","valueRequired":true,"valueName":"search_term_string"}}],"inLanguage":"en-US"},{"@type":"Organization","@id":"https:\/\/www.mardesa.fr\/en\/#organization","name":"Mardesa.fr","url":"https:\/\/www.mardesa.fr\/en\/","logo":{"@type":"ImageObject","inLanguage":"en-US","@id":"https:\/\/www.mardesa.fr\/en\/#\/schema\/logo\/image\/","url":"https:\/\/www.mardesa.fr\/wp-content\/uploads\/2025\/01\/Mardesa_CMJN_PNG-e1735900243114.png","contentUrl":"https:\/\/www.mardesa.fr\/wp-content\/uploads\/2025\/01\/Mardesa_CMJN_PNG-e1735900243114.png","width":1673,"height":560,"caption":"Mardesa.fr"},"image":{"@id":"https:\/\/www.mardesa.fr\/en\/#\/schema\/logo\/image\/"},"sameAs":["http:\/\/www.facebook.fr\/mardesa.france","https:\/\/x.com\/mardesa85"]}]}},"_links":{"self":[{"href":"https:\/\/www.mardesa.fr\/en\/wp-json\/wp\/v2\/product\/2009","targetHints":{"allow":["GET"]}}],"collection":[{"href":"https:\/\/www.mardesa.fr\/en\/wp-json\/wp\/v2\/product"}],"about":[{"href":"https:\/\/www.mardesa.fr\/en\/wp-json\/wp\/v2\/types\/product"}],"replies":[{"embeddable":true,"href":"https:\/\/www.mardesa.fr\/en\/wp-json\/wp\/v2\/comments?post=2009"}],"wp:featuredmedia":[{"embeddable":true,"href":"https:\/\/www.mardesa.fr\/en\/wp-json\/wp\/v2\/media\/2039"}],"wp:attachment":[{"href":"https:\/\/www.mardesa.fr\/en\/wp-json\/wp\/v2\/media?parent=2009"}],"wp:term":[{"taxonomy":"product_brand","embeddable":true,"href":"https:\/\/www.mardesa.fr\/en\/wp-json\/wp\/v2\/product_brand?post=2009"},{"taxonomy":"product_cat","embeddable":true,"href":"https:\/\/www.mardesa.fr\/en\/wp-json\/wp\/v2\/product_cat?post=2009"},{"taxonomy":"product_tag","embeddable":true,"href":"https:\/\/www.mardesa.fr\/en\/wp-json\/wp\/v2\/product_tag?post=2009"}],"curies":[{"name":"wp","href":"https:\/\/api.w.org\/{rel}","templated":true}]}}